{"id":2,"date":"2024-03-12T13:24:07","date_gmt":"2024-03-12T12:24:07","guid":{"rendered":"http:\/\/wordpress.p663898.webspaceconfig.de\/?page_id=2"},"modified":"2024-04-26T14:40:33","modified_gmt":"2024-04-26T12:40:33","slug":"ulrichhandl","status":"publish","type":"page","link":"https:\/\/www.ulrichhandl.com\/index.php\/ulrichhandl\/","title":{"rendered":"Ulrich Handl"},"content":{"rendered":"\n<blockquote class=\"wp-block-quote is-layout-flow wp-block-quote-is-layout-flow\">\n<p>Ulrich Handl wurde am 16. September 1946 in Planegg, 13 km westlich von M\u00fcnchen geboren. Seit 1964 ist er Photograph. Seine Liebe zur Fotografie entdeckte er bei einem Konzert der Shadows im Circus Krone-Bau. \u00dcber viele Jahre besuchte und fotografierte Ulrich all die gro\u00dfen Konzerte im M\u00fcnchen der 60er und 70er Jahre. Bands wie die Beatles, die Rolling Stones, Jimi Hendrix, The Animals, The Who, Ella Fitzgerald und viele andere hatte Ulrich Handl vor seiner Kamera.<\/p>\n\n\n\n<p>Bei Anfragen oder Interesse an den Bildern, melden Sie sich bitte unter folgender E-Mail-Adresse: <a href=\"mailto:ulrichhandl@gmx.de\">ulrichhandl@gmx.de<\/a><\/p>\n<\/blockquote>\n\n\n\n<p><\/p>\n","protected":false},"excerpt":{"rendered":"<p>Ulrich Handl wurde am 16. September 1946 in Planegg, 13 km westlich von M\u00fcnchen geboren. Seit 1964 ist er Photograph. Seine Liebe zur Fotografie entdeckte er bei einem Konzert der [&hellip;]<\/p>\n","protected":false},"author":3,"featured_media":0,"parent":0,"menu_order":0,"comment_status":"closed","ping_status":"open","template":"","meta":{"footnotes":""},"class_list":["post-2","page","type-page","status-publish","hentry"],"_links":{"self":[{"href":"https:\/\/www.ulrichhandl.com\/index.php\/wp-json\/wp\/v2\/pages\/2","targetHints":{"allow":["GET"]}}],"collection":[{"href":"https:\/\/www.ulrichhandl.com\/index.php\/wp-json\/wp\/v2\/pages"}],"about":[{"href":"https:\/\/www.ulrichhandl.com\/index.php\/wp-json\/wp\/v2\/types\/page"}],"author":[{"embeddable":true,"href":"https:\/\/www.ulrichhandl.com\/index.php\/wp-json\/wp\/v2\/users\/3"}],"replies":[{"embeddable":true,"href":"https:\/\/www.ulrichhandl.com\/index.php\/wp-json\/wp\/v2\/comments?post=2"}],"version-history":[{"count":3,"href":"https:\/\/www.ulrichhandl.com\/index.php\/wp-json\/wp\/v2\/pages\/2\/revisions"}],"predecessor-version":[{"id":332,"href":"https:\/\/www.ulrichhandl.com\/index.php\/wp-json\/wp\/v2\/pages\/2\/revisions\/332"}],"wp:attachment":[{"href":"https:\/\/www.ulrichhandl.com\/index.php\/wp-json\/wp\/v2\/media?parent=2"}],"curies":[{"name":"wp","href":"https:\/\/api.w.org\/{rel}","templated":true}]}}